{"id":4045,"date":"2025-12-29T21:59:13","date_gmt":"2025-12-30T00:59:13","guid":{"rendered":"https:\/\/doeringdarcie.com.br\/?page_id=4045"},"modified":"2026-02-02T17:15:42","modified_gmt":"2026-02-02T20:15:42","slug":"modelo-adv-teste","status":"publish","type":"page","link":"http:\/\/doeringdarcie.com.br\/en\/modelo-adv-teste\/","title":{"rendered":"Modelo Adv Teste"},"content":{"rendered":"<div data-elementor-type=\"wp-page\" data-elementor-id=\"4045\" class=\"elementor elementor-4045\" data-elementor-settings=\"{&quot;ha_cmc_init_switcher&quot;:&quot;no&quot;}\" data-elementor-post-type=\"page\">\n\t\t\t\t<div class=\"elementor-element elementor-element-0343c61 e-flex e-con-boxed wpr-particle-no wpr-jarallax-no wpr-parallax-no wpr-sticky-section-no e-con e-parent\" data-id=\"0343c61\" data-element_type=\"container\" data-e-type=\"container\" data-settings=\"{&quot;_ha_eqh_enable&quot;:false}\">\n\t\t\t\t\t<div class=\"e-con-inner\">\n\t\t<div class=\"elementor-element elementor-element-30b3359 e-con-full e-flex wpr-particle-no wpr-jarallax-no wpr-parallax-no wpr-sticky-section-no e-con e-child\" data-id=\"30b3359\" data-element_type=\"container\" data-e-type=\"container\" data-settings=\"{&quot;_ha_eqh_enable&quot;:false}\">\n\t\t\t\t<div class=\"elementor-element elementor-element-610531a elementor-widget elementor-widget-heading\" data-id=\"610531a\" data-element_type=\"widget\" data-e-type=\"widget\" data-widget_type=\"heading.default\">\n\t\t\t\t<div class=\"elementor-widget-container\">\n\t\t\t\t\t<h2 class=\"elementor-heading-title elementor-size-default\">Experi\u00eancia Profissional<\/h2>\t\t\t\t<\/div>\n\t\t\t\t<\/div>\n\t\t\t\t<div class=\"elementor-element elementor-element-838842e elementor-widget-divider--view-line elementor-widget elementor-widget-divider\" data-id=\"838842e\" data-element_type=\"widget\" data-e-type=\"widget\" data-widget_type=\"divider.default\">\n\t\t\t\t<div class=\"elementor-widget-container\">\n\t\t\t\t\t\t\t<div class=\"elementor-divider\">\n\t\t\t<span class=\"elementor-divider-separator\">\n\t\t\t\t\t\t<\/span>\n\t\t<\/div>\n\t\t\t\t\t\t<\/div>\n\t\t\t\t<\/div>\n\t\t\t\t<div class=\"elementor-element elementor-element-8e68d93 elementor-widget elementor-widget-text-editor\" data-id=\"8e68d93\" data-element_type=\"widget\" data-e-type=\"widget\" data-widget_type=\"text-editor.default\">\n\t\t\t\t<div class=\"elementor-widget-container\">\n\t\t\t\t\t\t\t\t\t<p>Advogado especializado em estrutura\u00e7\u00e3o de opera\u00e7\u00f5es, com foco no setor tribut\u00e1rio, al\u00e9m de possuir vasta experi\u00eancia na \u00e1rea\u00a0 e direito empresarial. Possui expertise em transa\u00e7\u00f5es complexas, incluindo negocia\u00e7\u00e3o e elabora\u00e7\u00e3o de contratos&#8230;<\/p>\t\t\t\t\t\t\t\t<\/div>\n\t\t\t\t<\/div>\n\t\t\t\t<div class=\"elementor-element elementor-element-9f941cc elementor-widget elementor-widget-heading\" data-id=\"9f941cc\" data-element_type=\"widget\" data-e-type=\"widget\" data-widget_type=\"heading.default\">\n\t\t\t\t<div class=\"elementor-widget-container\">\n\t\t\t\t\t<h2 class=\"elementor-heading-title elementor-size-default\">Forma\u00e7\u00e3o Acad\u00eamica<\/h2>\t\t\t\t<\/div>\n\t\t\t\t<\/div>\n\t\t\t\t<div class=\"elementor-element elementor-element-49fd48d elementor-widget elementor-widget-text-editor\" data-id=\"49fd48d\" data-element_type=\"widget\" data-e-type=\"widget\" data-widget_type=\"text-editor.default\">\n\t\t\t\t<div class=\"elementor-widget-container\">\n\t\t\t\t\t\t\t\t\t<p>Bacharel em Direito pela Pont\u00edficia Universidade Cat\u00f3lica do Rio Grande do Sul (PUCRS)<\/p><p>Mestre em Direito\u00a0<\/p><p>Doutor em Direito\u00a0<\/p>\t\t\t\t\t\t\t\t<\/div>\n\t\t\t\t<\/div>\n\t\t\t\t<div class=\"elementor-element elementor-element-88eb7f5 elementor-widget elementor-widget-heading\" data-id=\"88eb7f5\" data-element_type=\"widget\" data-e-type=\"widget\" data-widget_type=\"heading.default\">\n\t\t\t\t<div class=\"elementor-widget-container\">\n\t\t\t\t\t<h2 class=\"elementor-heading-title elementor-size-default\">Publica\u00e7\u00f5es<\/h2>\t\t\t\t<\/div>\n\t\t\t\t<\/div>\n\t\t\t\t<div class=\"elementor-element elementor-element-5b78ce5 elementor-widget elementor-widget-text-editor\" data-id=\"5b78ce5\" data-element_type=\"widget\" data-e-type=\"widget\" data-widget_type=\"text-editor.default\">\n\t\t\t\t<div class=\"elementor-widget-container\">\n\t\t\t\t\t\t\t\t\t<p>Livro XXX<\/p><p>Artigo YYY<\/p>\t\t\t\t\t\t\t\t<\/div>\n\t\t\t\t<\/div>\n\t\t\t\t<\/div>\n\t\t<div class=\"elementor-element elementor-element-0b2d4ba e-con-full e-flex wpr-particle-no wpr-jarallax-no wpr-parallax-no wpr-sticky-section-no e-con e-child\" data-id=\"0b2d4ba\" data-element_type=\"container\" data-e-type=\"container\" data-settings=\"{&quot;_ha_eqh_enable&quot;:false}\">\n\t\t\t\t<div class=\"elementor-element elementor-element-c42783b elementor-widget elementor-widget-heading\" data-id=\"c42783b\" data-element_type=\"widget\" data-e-type=\"widget\" data-widget_type=\"heading.default\">\n\t\t\t\t<div class=\"elementor-widget-container\">\n\t\t\t\t\t<h2 class=\"elementor-heading-title elementor-size-default\">Leonardo Barcelos de Oliveira<\/h2>\t\t\t\t<\/div>\n\t\t\t\t<\/div>\n\t\t\t\t<div class=\"elementor-element elementor-element-2ecabff elementor-widget__width-initial ha-has-bg-overlay elementor-widget elementor-widget-text-editor\" data-id=\"2ecabff\" data-element_type=\"widget\" data-e-type=\"widget\" data-widget_type=\"text-editor.default\">\n\t\t\t\t<div class=\"elementor-widget-container\">\n\t\t\t\t\t\t\t\t\t<p>Tribut\u00e1rio &amp; Empresarial<\/p>\t\t\t\t\t\t\t\t<\/div>\n\t\t\t\t<\/div>\n\t\t\t\t<div class=\"elementor-element elementor-element-fc0cf50 elementor-widget elementor-widget-image\" data-id=\"fc0cf50\" data-element_type=\"widget\" data-e-type=\"widget\" data-widget_type=\"image.default\">\n\t\t\t\t<div class=\"elementor-widget-container\">\n\t\t\t\t\t\t\t\t\t\t\t\t\t\t\t<img fetchpriority=\"high\" decoding=\"async\" width=\"1080\" height=\"1080\" src=\"https:\/\/doeringdarcie.com.br\/wp-content\/uploads\/2025\/11\/Untitled-1920-x-1920-px-2560-x-2560-px-5.png\" class=\"attachment-full size-full wp-image-3878\" alt=\"\" srcset=\"https:\/\/doeringdarcie.com.br\/wp-content\/uploads\/2025\/11\/Untitled-1920-x-1920-px-2560-x-2560-px-5.png 1080w, https:\/\/doeringdarcie.com.br\/wp-content\/uploads\/2025\/11\/Untitled-1920-x-1920-px-2560-x-2560-px-5-300x300.png 300w, https:\/\/doeringdarcie.com.br\/wp-content\/uploads\/2025\/11\/Untitled-1920-x-1920-px-2560-x-2560-px-5-1024x1024.png 1024w, https:\/\/doeringdarcie.com.br\/wp-content\/uploads\/2025\/11\/Untitled-1920-x-1920-px-2560-x-2560-px-5-150x150.png 150w, https:\/\/doeringdarcie.com.br\/wp-content\/uploads\/2025\/11\/Untitled-1920-x-1920-px-2560-x-2560-px-5-768x768.png 768w, https:\/\/doeringdarcie.com.br\/wp-content\/uploads\/2025\/11\/Untitled-1920-x-1920-px-2560-x-2560-px-5-12x12.png 12w\" sizes=\"(max-width: 1080px) 100vw, 1080px\" \/>\t\t\t\t\t\t\t\t\t\t\t\t\t\t\t<\/div>\n\t\t\t\t<\/div>\n\t\t\t\t<\/div>\n\t\t\t\t\t\n<hr class=\"e-divider-base\" data-interaction-id=\"6bbd298\"  data-e-type=\"widget\" data-id=\"6bbd298\" \/>\n\t\t\t\t\t<\/div>\n\t\t\t\t<\/div>\n\t\t\t\t<\/div>","protected":false},"excerpt":{"rendered":"<p>Experi\u00eancia Profissional Advogado especializado em estrutura\u00e7\u00e3o de opera\u00e7\u00f5es, com foco no setor tribut\u00e1rio, al\u00e9m de possuir vasta experi\u00eancia na \u00e1rea\u00a0 e direito empresarial. Possui expertise em transa\u00e7\u00f5es complexas, incluindo negocia\u00e7\u00e3o e elabora\u00e7\u00e3o de contratos&#8230; Forma\u00e7\u00e3o Acad\u00eamica Bacharel em Direito pela Pont\u00edficia Universidade Cat\u00f3lica do Rio Grande do Sul (PUCRS) Mestre em Direito\u00a0 Doutor em Direito\u00a0 Publica\u00e7\u00f5es Livro XXX Artigo YYY Leonardo Barcelos de Oliveira Tribut\u00e1rio &amp; Empresarial<\/p>","protected":false},"author":3,"featured_media":0,"parent":0,"menu_order":0,"comment_status":"closed","ping_status":"closed","template":"elementor_canvas","meta":{"footnotes":""},"class_list":["post-4045","page","type-page","status-publish","hentry"],"yoast_head":"<!-- This site is optimized with the Yoast SEO plugin v27.3 - https:\/\/yoast.com\/product\/yoast-seo-wordpress\/ -->\n<title>Modelo Adv Teste - Doering &amp; Darcie<\/title>\n<meta name=\"robots\" content=\"index, follow, max-snippet:-1, max-image-preview:large, max-video-preview:-1\" \/>\n<link rel=\"canonical\" href=\"http:\/\/doeringdarcie.com.br\/en\/modelo-adv-teste\/\" \/>\n<meta property=\"og:locale\" content=\"en_US\" \/>\n<meta property=\"og:type\" content=\"article\" \/>\n<meta property=\"og:title\" content=\"Modelo Adv Teste - Doering &amp; Darcie\" \/>\n<meta property=\"og:description\" content=\"Experi\u00eancia Profissional Advogado especializado em estrutura\u00e7\u00e3o de opera\u00e7\u00f5es, com foco no setor tribut\u00e1rio, al\u00e9m de possuir vasta experi\u00eancia na \u00e1rea\u00a0 e direito empresarial. Possui expertise em transa\u00e7\u00f5es complexas, incluindo negocia\u00e7\u00e3o e elabora\u00e7\u00e3o de contratos&#8230; Forma\u00e7\u00e3o Acad\u00eamica Bacharel em Direito pela Pont\u00edficia Universidade Cat\u00f3lica do Rio Grande do Sul (PUCRS) Mestre em Direito\u00a0 Doutor em Direito\u00a0 Publica\u00e7\u00f5es Livro XXX Artigo YYY Leonardo Barcelos de Oliveira Tribut\u00e1rio &amp; Empresarial\" \/>\n<meta property=\"og:url\" content=\"http:\/\/doeringdarcie.com.br\/en\/modelo-adv-teste\/\" \/>\n<meta property=\"og:site_name\" content=\"Doering &amp; Darcie\" \/>\n<meta property=\"article:modified_time\" content=\"2026-02-02T20:15:42+00:00\" \/>\n<meta property=\"og:image\" content=\"https:\/\/doeringdarcie.com.br\/wp-content\/uploads\/2025\/11\/Untitled-1920-x-1920-px-2560-x-2560-px-5.png\" \/>\n<meta name=\"twitter:card\" content=\"summary_large_image\" \/>\n<meta name=\"twitter:label1\" content=\"Est. reading time\" \/>\n\t<meta name=\"twitter:data1\" content=\"1 minute\" \/>\n<script type=\"application\/ld+json\" class=\"yoast-schema-graph\">{\"@context\":\"https:\\\/\\\/schema.org\",\"@graph\":[{\"@type\":\"WebPage\",\"@id\":\"https:\\\/\\\/doeringdarcie.com.br\\\/modelo-adv-teste\\\/\",\"url\":\"https:\\\/\\\/doeringdarcie.com.br\\\/modelo-adv-teste\\\/\",\"name\":\"Modelo Adv Teste - Doering &amp; Darcie\",\"isPartOf\":{\"@id\":\"https:\\\/\\\/doeringdarcie.com.br\\\/#website\"},\"primaryImageOfPage\":{\"@id\":\"https:\\\/\\\/doeringdarcie.com.br\\\/modelo-adv-teste\\\/#primaryimage\"},\"image\":{\"@id\":\"https:\\\/\\\/doeringdarcie.com.br\\\/modelo-adv-teste\\\/#primaryimage\"},\"thumbnailUrl\":\"https:\\\/\\\/doeringdarcie.com.br\\\/wp-content\\\/uploads\\\/2025\\\/11\\\/Untitled-1920-x-1920-px-2560-x-2560-px-5.png\",\"datePublished\":\"2025-12-30T00:59:13+00:00\",\"dateModified\":\"2026-02-02T20:15:42+00:00\",\"breadcrumb\":{\"@id\":\"https:\\\/\\\/doeringdarcie.com.br\\\/modelo-adv-teste\\\/#breadcrumb\"},\"inLanguage\":\"en-US\",\"potentialAction\":[{\"@type\":\"ReadAction\",\"target\":[\"https:\\\/\\\/doeringdarcie.com.br\\\/modelo-adv-teste\\\/\"]}]},{\"@type\":\"ImageObject\",\"inLanguage\":\"en-US\",\"@id\":\"https:\\\/\\\/doeringdarcie.com.br\\\/modelo-adv-teste\\\/#primaryimage\",\"url\":\"https:\\\/\\\/doeringdarcie.com.br\\\/wp-content\\\/uploads\\\/2025\\\/11\\\/Untitled-1920-x-1920-px-2560-x-2560-px-5.png\",\"contentUrl\":\"https:\\\/\\\/doeringdarcie.com.br\\\/wp-content\\\/uploads\\\/2025\\\/11\\\/Untitled-1920-x-1920-px-2560-x-2560-px-5.png\"},{\"@type\":\"BreadcrumbList\",\"@id\":\"https:\\\/\\\/doeringdarcie.com.br\\\/modelo-adv-teste\\\/#breadcrumb\",\"itemListElement\":[{\"@type\":\"ListItem\",\"position\":1,\"name\":\"In\u00edcio\",\"item\":\"https:\\\/\\\/doeringdarcie.com.br\\\/\"},{\"@type\":\"ListItem\",\"position\":2,\"name\":\"Modelo Adv Teste\"}]},{\"@type\":\"WebSite\",\"@id\":\"https:\\\/\\\/doeringdarcie.com.br\\\/#website\",\"url\":\"https:\\\/\\\/doeringdarcie.com.br\\\/\",\"name\":\"Doering &amp; Darcie\",\"description\":\"Advocacia e Consultoria\",\"potentialAction\":[{\"@type\":\"SearchAction\",\"target\":{\"@type\":\"EntryPoint\",\"urlTemplate\":\"https:\\\/\\\/doeringdarcie.com.br\\\/?s={search_term_string}\"},\"query-input\":{\"@type\":\"PropertyValueSpecification\",\"valueRequired\":true,\"valueName\":\"search_term_string\"}}],\"inLanguage\":\"en-US\"}]}<\/script>\n<!-- \/ Yoast SEO plugin. -->","yoast_head_json":{"title":"Modelo Adv Teste - Doering &amp; Darcie","robots":{"index":"index","follow":"follow","max-snippet":"max-snippet:-1","max-image-preview":"max-image-preview:large","max-video-preview":"max-video-preview:-1"},"canonical":"http:\/\/doeringdarcie.com.br\/en\/modelo-adv-teste\/","og_locale":"en_US","og_type":"article","og_title":"Modelo Adv Teste - Doering &amp; Darcie","og_description":"Experi\u00eancia Profissional Advogado especializado em estrutura\u00e7\u00e3o de opera\u00e7\u00f5es, com foco no setor tribut\u00e1rio, al\u00e9m de possuir vasta experi\u00eancia na \u00e1rea\u00a0 e direito empresarial. Possui expertise em transa\u00e7\u00f5es complexas, incluindo negocia\u00e7\u00e3o e elabora\u00e7\u00e3o de contratos&#8230; Forma\u00e7\u00e3o Acad\u00eamica Bacharel em Direito pela Pont\u00edficia Universidade Cat\u00f3lica do Rio Grande do Sul (PUCRS) Mestre em Direito\u00a0 Doutor em Direito\u00a0 Publica\u00e7\u00f5es Livro XXX Artigo YYY Leonardo Barcelos de Oliveira Tribut\u00e1rio &amp; Empresarial","og_url":"http:\/\/doeringdarcie.com.br\/en\/modelo-adv-teste\/","og_site_name":"Doering &amp; Darcie","article_modified_time":"2026-02-02T20:15:42+00:00","og_image":[{"url":"https:\/\/doeringdarcie.com.br\/wp-content\/uploads\/2025\/11\/Untitled-1920-x-1920-px-2560-x-2560-px-5.png","type":"","width":"","height":""}],"twitter_card":"summary_large_image","twitter_misc":{"Est. reading time":"1 minute"},"schema":{"@context":"https:\/\/schema.org","@graph":[{"@type":"WebPage","@id":"https:\/\/doeringdarcie.com.br\/modelo-adv-teste\/","url":"https:\/\/doeringdarcie.com.br\/modelo-adv-teste\/","name":"Modelo Adv Teste - Doering &amp; Darcie","isPartOf":{"@id":"https:\/\/doeringdarcie.com.br\/#website"},"primaryImageOfPage":{"@id":"https:\/\/doeringdarcie.com.br\/modelo-adv-teste\/#primaryimage"},"image":{"@id":"https:\/\/doeringdarcie.com.br\/modelo-adv-teste\/#primaryimage"},"thumbnailUrl":"https:\/\/doeringdarcie.com.br\/wp-content\/uploads\/2025\/11\/Untitled-1920-x-1920-px-2560-x-2560-px-5.png","datePublished":"2025-12-30T00:59:13+00:00","dateModified":"2026-02-02T20:15:42+00:00","breadcrumb":{"@id":"https:\/\/doeringdarcie.com.br\/modelo-adv-teste\/#breadcrumb"},"inLanguage":"en-US","potentialAction":[{"@type":"ReadAction","target":["https:\/\/doeringdarcie.com.br\/modelo-adv-teste\/"]}]},{"@type":"ImageObject","inLanguage":"en-US","@id":"https:\/\/doeringdarcie.com.br\/modelo-adv-teste\/#primaryimage","url":"https:\/\/doeringdarcie.com.br\/wp-content\/uploads\/2025\/11\/Untitled-1920-x-1920-px-2560-x-2560-px-5.png","contentUrl":"https:\/\/doeringdarcie.com.br\/wp-content\/uploads\/2025\/11\/Untitled-1920-x-1920-px-2560-x-2560-px-5.png"},{"@type":"BreadcrumbList","@id":"https:\/\/doeringdarcie.com.br\/modelo-adv-teste\/#breadcrumb","itemListElement":[{"@type":"ListItem","position":1,"name":"In\u00edcio","item":"https:\/\/doeringdarcie.com.br\/"},{"@type":"ListItem","position":2,"name":"Modelo Adv Teste"}]},{"@type":"WebSite","@id":"https:\/\/doeringdarcie.com.br\/#website","url":"https:\/\/doeringdarcie.com.br\/","name":"Doering &amp; Darcie","description":"Advocacia e Consultoria","potentialAction":[{"@type":"SearchAction","target":{"@type":"EntryPoint","urlTemplate":"https:\/\/doeringdarcie.com.br\/?s={search_term_string}"},"query-input":{"@type":"PropertyValueSpecification","valueRequired":true,"valueName":"search_term_string"}}],"inLanguage":"en-US"}]}},"_links":{"self":[{"href":"http:\/\/doeringdarcie.com.br\/en\/wp-json\/wp\/v2\/pages\/4045","targetHints":{"allow":["GET"]}}],"collection":[{"href":"http:\/\/doeringdarcie.com.br\/en\/wp-json\/wp\/v2\/pages"}],"about":[{"href":"http:\/\/doeringdarcie.com.br\/en\/wp-json\/wp\/v2\/types\/page"}],"author":[{"embeddable":true,"href":"http:\/\/doeringdarcie.com.br\/en\/wp-json\/wp\/v2\/users\/3"}],"replies":[{"embeddable":true,"href":"http:\/\/doeringdarcie.com.br\/en\/wp-json\/wp\/v2\/comments?post=4045"}],"version-history":[{"count":0,"href":"http:\/\/doeringdarcie.com.br\/en\/wp-json\/wp\/v2\/pages\/4045\/revisions"}],"wp:attachment":[{"href":"http:\/\/doeringdarcie.com.br\/en\/wp-json\/wp\/v2\/media?parent=4045"}],"curies":[{"name":"wp","href":"https:\/\/api.w.org\/{rel}","templated":true}]}}